{"id":60,"date":"2021-03-15T11:19:04","date_gmt":"2021-03-15T11:19:04","guid":{"rendered":"https:\/\/parafia-lubienko.pl\/?page_id=60"},"modified":"2021-03-15T11:43:41","modified_gmt":"2021-03-15T11:43:41","slug":"grupy-parafialne","status":"publish","type":"page","link":"https:\/\/parafia-lubienko.pl\/?page_id=60","title":{"rendered":"Grupy parafialne"},"content":{"rendered":"\n<div class=\"wp-block-themeisle-blocks-advanced-columns has-undefined-columns has-desktop-undefined-layout has-tablet-equal-layout has-mobile-equal-layout has-default-gap has-vertical-unset\" id=\"wp-block-themeisle-blocks-advanced-columns-495e2d3c\"><div class=\"wp-block-themeisle-blocks-advanced-columns-overlay\"><\/div><div class=\"innerblocks-wrap\"><\/div><\/div>\n\n\n\n<ul class=\"wp-block-list\"><li>Akcja Katolicka 9 os\u00f3b<\/li><li>R\u00f3\u017ce \u017bywego R\u00f3\u017ca\u0144ca 5<\/li><li>Ministranci 6<\/li><\/ul>\n","protected":false},"excerpt":{"rendered":"<p>Akcja Katolicka 9 os\u00f3b R\u00f3\u017ce \u017bywego R\u00f3\u017ca\u0144ca 5 Ministranci 6<\/p>\n","protected":false},"author":1,"featured_media":0,"parent":0,"menu_order":0,"comment_status":"closed","ping_status":"closed","template":"","meta":{"footnotes":""},"class_list":["post-60","page","type-page","status-publish","hentry"],"_links":{"self":[{"href":"https:\/\/parafia-lubienko.pl\/index.php?rest_route=\/wp\/v2\/pages\/60","targetHints":{"allow":["GET"]}}],"collection":[{"href":"https:\/\/parafia-lubienko.pl\/index.php?rest_route=\/wp\/v2\/pages"}],"about":[{"href":"https:\/\/parafia-lubienko.pl\/index.php?rest_route=\/wp\/v2\/types\/page"}],"author":[{"embeddable":true,"href":"https:\/\/parafia-lubienko.pl\/index.php?rest_route=\/wp\/v2\/users\/1"}],"replies":[{"embeddable":true,"href":"https:\/\/parafia-lubienko.pl\/index.php?rest_route=%2Fwp%2Fv2%2Fcomments&post=60"}],"version-history":[{"count":2,"href":"https:\/\/parafia-lubienko.pl\/index.php?rest_route=\/wp\/v2\/pages\/60\/revisions"}],"predecessor-version":[{"id":80,"href":"https:\/\/parafia-lubienko.pl\/index.php?rest_route=\/wp\/v2\/pages\/60\/revisions\/80"}],"wp:attachment":[{"href":"https:\/\/parafia-lubienko.pl\/index.php?rest_route=%2Fwp%2Fv2%2Fmedia&parent=60"}],"curies":[{"name":"wp","href":"https:\/\/api.w.org\/{rel}","templated":true}]}}