{"id":63,"date":"2021-03-15T11:25:45","date_gmt":"2021-03-15T11:25:45","guid":{"rendered":"https:\/\/parafia-lubienko.pl\/?page_id=63"},"modified":"2021-03-15T11:31:24","modified_gmt":"2021-03-15T11:31:24","slug":"kontakt","status":"publish","type":"page","link":"https:\/\/parafia-lubienko.pl\/?page_id=63","title":{"rendered":"Kontakt"},"content":{"rendered":"\n<div class=\"wp-block-themeisle-blocks-advanced-columns has-undefined-columns has-desktop-undefined-layout has-tablet-equal-layout has-mobile-equal-layout has-default-gap has-vertical-unset\" id=\"wp-block-themeisle-blocks-advanced-columns-600cc761\"><div class=\"wp-block-themeisle-blocks-advanced-columns-overlay\"><\/div><div class=\"innerblocks-wrap\"><\/div><\/div>\n\n\n\n<p><strong>Parafia Rzymskokatolicka pw. \u015bw. Szymona i Judy Tadeusza<\/strong><\/p>\n\n\n\n<p><strong>Proboszcz<\/strong><\/p>\n\n\n\n<p>ks. Bogdan Czerwi\u0144ski<\/p>\n\n\n\n<p><strong>Adres<\/strong><\/p>\n\n\n\n<p>\u0141ubienko 34<br>38-204 Tarnowiec<\/p>\n\n\n\n<p><strong>Telefon<\/strong><br>tel. 608609235<\/p>\n\n\n\n<p><strong>Konto parafialne<\/strong><\/p>\n\n\n\n<p>09 8627 1040 2005 7000 2554 0001<\/p>\n\n\n\n<p><br><\/p>\n","protected":false},"excerpt":{"rendered":"<p>Parafia Rzymskokatolicka pw. \u015bw. Szymona i Judy Tadeusza Proboszcz ks. Bogdan Czerwi\u0144ski Adres \u0141ubienko 3438-204 Tarnowiec Telefontel. 608609235 Konto parafialne 09 8627 1040 2005 7000 2554 0001<\/p>\n","protected":false},"author":1,"featured_media":0,"parent":0,"menu_order":0,"comment_status":"closed","ping_status":"closed","template":"","meta":{"footnotes":""},"class_list":["post-63","page","type-page","status-publish","hentry"],"_links":{"self":[{"href":"https:\/\/parafia-lubienko.pl\/index.php?rest_route=\/wp\/v2\/pages\/63","targetHints":{"allow":["GET"]}}],"collection":[{"href":"https:\/\/parafia-lubienko.pl\/index.php?rest_route=\/wp\/v2\/pages"}],"about":[{"href":"https:\/\/parafia-lubienko.pl\/index.php?rest_route=\/wp\/v2\/types\/page"}],"author":[{"embeddable":true,"href":"https:\/\/parafia-lubienko.pl\/index.php?rest_route=\/wp\/v2\/users\/1"}],"replies":[{"embeddable":true,"href":"https:\/\/parafia-lubienko.pl\/index.php?rest_route=%2Fwp%2Fv2%2Fcomments&post=63"}],"version-history":[{"count":1,"href":"https:\/\/parafia-lubienko.pl\/index.php?rest_route=\/wp\/v2\/pages\/63\/revisions"}],"predecessor-version":[{"id":66,"href":"https:\/\/parafia-lubienko.pl\/index.php?rest_route=\/wp\/v2\/pages\/63\/revisions\/66"}],"wp:attachment":[{"href":"https:\/\/parafia-lubienko.pl\/index.php?rest_route=%2Fwp%2Fv2%2Fmedia&parent=63"}],"curies":[{"name":"wp","href":"https:\/\/api.w.org\/{rel}","templated":true}]}}